{"id":21,"date":"2026-04-15T09:47:16","date_gmt":"2026-04-15T07:47:16","guid":{"rendered":"https:\/\/michal.codigmatic.tech\/?page_id=21"},"modified":"2026-04-21T12:12:28","modified_gmt":"2026-04-21T10:12:28","slug":"home","status":"publish","type":"page","link":"https:\/\/michal.codigmatic.tech\/en\/","title":{"rendered":"Home"},"content":{"rendered":"<div data-elementor-type=\"wp-page\" data-elementor-id=\"21\" class=\"elementor elementor-21\">\n\t\t\t\t<div class=\"elementor-element elementor-element-3c6e347 e-flex e-con-boxed elementor-invisible e-con e-parent\" data-id=\"3c6e347\" data-element_type=\"container\" data-e-type=\"container\" data-settings=\"{&quot;background_background&quot;:&quot;classic&quot;,&quot;shape_divider_bottom&quot;:&quot;opacity-fan&quot;,&quot;animation&quot;:&quot;fadeIn&quot;}\">\n\t\t\t\t\t<div class=\"e-con-inner\">\n\t\t\t\t<div class=\"elementor-shape elementor-shape-bottom\" aria-hidden=\"true\" data-negative=\"false\">\n\t\t\t<svg xmlns=\"http:\/\/www.w3.org\/2000\/svg\" viewbox=\"0 0 283.5 19.6\" preserveaspectratio=\"none\">\n\t<path class=\"elementor-shape-fill\" style=\"opacity:0.33\" d=\"M0 0L0 18.8 141.8 4.1 283.5 18.8 283.5 0z\"\/>\n\t<path class=\"elementor-shape-fill\" style=\"opacity:0.33\" d=\"M0 0L0 12.6 141.8 4 283.5 12.6 283.5 0z\"\/>\n\t<path class=\"elementor-shape-fill\" style=\"opacity:0.33\" d=\"M0 0L0 6.4 141.8 4 283.5 6.4 283.5 0z\"\/>\n\t<path class=\"elementor-shape-fill\" d=\"M0 0L0 1.2 141.8 4 283.5 1.2 283.5 0z\"\/>\n<\/svg>\t\t<\/div>\n\t\t<div class=\"elementor-element elementor-element-4b97d32 e-con-full e-flex elementor-invisible e-con e-child\" data-id=\"4b97d32\" data-element_type=\"container\" data-e-type=\"container\" data-settings=\"{&quot;animation&quot;:&quot;fadeInDown&quot;}\">\n\t\t\t\t<div class=\"elementor-element elementor-element-5e09949 elementor-widget elementor-widget-heading\" data-id=\"5e09949\" data-element_type=\"widget\" data-e-type=\"widget\" data-widget_type=\"heading.default\">\n\t\t\t\t\t<h2 class=\"elementor-heading-title elementor-size-default\">Tworzymy narz\u0119dzia, kt\u00f3re ucz\u0105 przez do\u015bwiadczanie.<\/h2>\t\t\t\t<\/div>\n\t\t\t\t<\/div>\n\t\t\t\t\t<\/div>\n\t\t\t\t<\/div>\n\t\t<div class=\"elementor-element elementor-element-579651b e-flex e-con-boxed e-con e-parent\" data-id=\"579651b\" data-element_type=\"container\" data-e-type=\"container\" data-settings=\"{&quot;background_background&quot;:&quot;classic&quot;}\">\n\t\t\t\t\t<div class=\"e-con-inner\">\n\t\t\t\t<div class=\"elementor-element elementor-element-008a816 elementor-widget elementor-widget-heading\" data-id=\"008a816\" data-element_type=\"widget\" data-e-type=\"widget\" data-widget_type=\"heading.default\">\n\t\t\t\t\t<h2 class=\"elementor-heading-title elementor-size-default\">Lyke \u2013 wi\u0119cej ni\u017c szcz\u0119\u015bcie<\/h2>\t\t\t\t<\/div>\n\t\t\t\t<div class=\"elementor-element elementor-element-6279394 elementor-widget elementor-widget-text-editor\" data-id=\"6279394\" data-element_type=\"widget\" data-e-type=\"widget\" data-widget_type=\"text-editor.default\">\n\t\t\t\t\t\t\t\t\t<p>S\u0142owo <strong><i>Lykke<\/i><\/strong> po du\u0144sku oznacza szcz\u0119\u015bcie. Dla nas to jednak co\u015b znacznie wi\u0119cej. To spos\u00f3b \u017cycia \u2013 \u015bwiadomy wyb\u00f3r bycia szcz\u0119\u015bliwym ka\u017cdego dnia, w prostocie i autentyczno\u015bci.<\/p><p>Wierzymy, \u017ce poznawanie \u015bwiata i do\u015bwiadczanie jego r\u00f3\u017cnorodno\u015bci pozwala lepiej zrozumie\u0107 siebie oraz \u015bwiadomie kszta\u0142towa\u0107 w\u0142asn\u0105 drog\u0119 do szcz\u0119\u015bcia. Dlatego wyci\u0105gamy d\u0142o\u0144 \u2013 ku poznaniu, wsp\u00f3\u0142pracy i rozwojowi.<\/p>\t\t\t\t\t\t\t\t<\/div>\n\t\t\t\t\t<\/div>\n\t\t\t\t<\/div>\n\t\t\t\t<\/div>","protected":false},"excerpt":{"rendered":"<p>Tworzymy narz\u0119dzia, kt\u00f3re ucz\u0105 przez do\u015bwiadczanie. Lyke \u2013 wi\u0119cej ni\u017c szcz\u0119\u015bcie S\u0142owo Lykke po du\u0144sku oznacza szcz\u0119\u015bcie. Dla nas to jednak co\u015b znacznie wi\u0119cej. To spos\u00f3b \u017cycia \u2013 \u015bwiadomy wyb\u00f3r bycia szcz\u0119\u015bliwym ka\u017cdego dnia, w prostocie i autentyczno\u015bci. Wierzymy, \u017ce poznawanie \u015bwiata i do\u015bwiadczanie jego r\u00f3\u017cnorodno\u015bci pozwala lepiej zrozumie\u0107 siebie oraz \u015bwiadomie kszta\u0142towa\u0107 w\u0142asn\u0105 drog\u0119 [&hellip;]<\/p>\n","protected":false},"author":1,"featured_media":0,"parent":0,"menu_order":0,"comment_status":"closed","ping_status":"closed","template":"","meta":{"footnotes":""},"class_list":["post-21","page","type-page","status-publish","hentry"],"_links":{"self":[{"href":"https:\/\/michal.codigmatic.tech\/en\/wp-json\/wp\/v2\/pages\/21","targetHints":{"allow":["GET"]}}],"collection":[{"href":"https:\/\/michal.codigmatic.tech\/en\/wp-json\/wp\/v2\/pages"}],"about":[{"href":"https:\/\/michal.codigmatic.tech\/en\/wp-json\/wp\/v2\/types\/page"}],"author":[{"embeddable":true,"href":"https:\/\/michal.codigmatic.tech\/en\/wp-json\/wp\/v2\/users\/1"}],"replies":[{"embeddable":true,"href":"https:\/\/michal.codigmatic.tech\/en\/wp-json\/wp\/v2\/comments?post=21"}],"version-history":[{"count":112,"href":"https:\/\/michal.codigmatic.tech\/en\/wp-json\/wp\/v2\/pages\/21\/revisions"}],"predecessor-version":[{"id":709,"href":"https:\/\/michal.codigmatic.tech\/en\/wp-json\/wp\/v2\/pages\/21\/revisions\/709"}],"wp:attachment":[{"href":"https:\/\/michal.codigmatic.tech\/en\/wp-json\/wp\/v2\/media?parent=21"}],"curies":[{"name":"wp","href":"https:\/\/api.w.org\/{rel}","templated":true}]}}