{"id":201,"date":"2026-04-15T11:57:10","date_gmt":"2026-04-15T09:57:10","guid":{"rendered":"https:\/\/michal.codigmatic.tech\/?page_id=201"},"modified":"2026-04-21T10:57:43","modified_gmt":"2026-04-21T08:57:43","slug":"oferta","status":"publish","type":"page","link":"https:\/\/michal.codigmatic.tech\/en\/oferta\/","title":{"rendered":"Oferta"},"content":{"rendered":"<div data-elementor-type=\"wp-page\" data-elementor-id=\"201\" class=\"elementor elementor-201\">\n\t\t\t\t<div class=\"elementor-element elementor-element-ffc3248 e-flex e-con-boxed e-con e-parent\" data-id=\"ffc3248\" data-element_type=\"container\" data-e-type=\"container\">\n\t\t\t\t\t<div class=\"e-con-inner\">\n\t\t<div class=\"elementor-element elementor-element-0535be6 e-con-full offer-card e-flex e-con e-child\" data-id=\"0535be6\" data-element_type=\"container\" data-e-type=\"container\">\n\t\t<a class=\"elementor-element elementor-element-30fc971 e-con-full offer-card-image e-flex e-con e-child\" data-id=\"30fc971\" data-element_type=\"container\" data-e-type=\"container\" data-settings=\"{&quot;background_background&quot;:&quot;classic&quot;}\" href=\"https:\/\/edulyke.pl\">\n\t\t\t\t<\/a>\n\t\t\t\t<div class=\"elementor-element elementor-element-de7f201 offer-card-title elementor-widget elementor-widget-heading\" data-id=\"de7f201\" data-element_type=\"widget\" data-e-type=\"widget\" data-widget_type=\"heading.default\">\n\t\t\t\t\t<h2 class=\"elementor-heading-title elementor-size-default\">EduLyke - rozw\u00f3j kt\u00f3ry ma znaczenie<\/h2>\t\t\t\t<\/div>\n\t\t\t\t<div class=\"elementor-element elementor-element-69ef584 offer-card-text elementor-widget elementor-widget-text-editor\" data-id=\"69ef584\" data-element_type=\"widget\" data-e-type=\"widget\" data-widget_type=\"text-editor.default\">\n\t\t\t\t\t\t\t\t\t<p>EduLyke to autorskie warsztaty wspieraj\u0105ce rozw\u00f3j kompetencji mi\u0119kkich, zdrowia psychicznego oraz profilaktyk\u0119 uzale\u017cnie\u0144. Pracujemy z uczniami, nauczycielami i rodzicami, odpowiadaj\u0105c na realne wyzwania wsp\u00f3\u0142czesnego \u015bwiata.<\/p><p>Tworzymy programy dotycz\u0105ce m.in. hejtu i bullingu oraz oferujemy aplikacj\u0119 dla m\u0142odzie\u017cy, kt\u00f3ra wspiera ich codzienne funkcjonowanie i dobrostan.<\/p><p>Prowadzimy r\u00f3wnie\u017c diagnozy, kt\u00f3re pomagaj\u0105 trafnie dobra\u0107 odpowiednie programy i dzia\u0142ania rozwojowe, dopasowane do potrzeb grupy lub plac\u00f3wki.<\/p><p>Nasze kursy powstaj\u0105 we wsp\u00f3\u0142pracy z ekspertami z zakresu psychologii i pedagogiki- \u0142\u0105czymy wiedz\u0119 z praktyk\u0105.<\/p><p>EduLyke to wsparcie dla m\u0142odych i doros\u0142ych. Razem budujemy silniejsze relacje i lepsz\u0105 przysz\u0142o\u015b\u0107.<\/p>\t\t\t\t\t\t\t\t<\/div>\n\t\t\t\t<div class=\"elementor-element elementor-element-31525d3 elementor-align-left elementor-widget elementor-widget-button\" data-id=\"31525d3\" data-element_type=\"widget\" data-e-type=\"widget\" data-widget_type=\"button.default\">\n\t\t\t\t\t\t\t\t\t\t<a class=\"elementor-button elementor-button-link elementor-size-sm\" href=\"https:\/\/edulyke.pl\" target=\"_blank\">\n\t\t\t\t\t\t<span class=\"elementor-button-content-wrapper\">\n\t\t\t\t\t\t\t\t\t<span class=\"elementor-button-text\">Zobacz platform\u0119 EduLyke<\/span>\n\t\t\t\t\t<\/span>\n\t\t\t\t\t<\/a>\n\t\t\t\t\t\t\t\t<\/div>\n\t\t\t\t<\/div>\n\t\t<div class=\"elementor-element elementor-element-6610267 e-con-full offer-card e-flex e-con e-child\" data-id=\"6610267\" data-element_type=\"container\" data-e-type=\"container\">\n\t\t<a class=\"elementor-element elementor-element-e1dddea e-con-full offer-card-image e-flex e-con e-child\" data-id=\"e1dddea\" data-element_type=\"container\" data-e-type=\"container\" data-settings=\"{&quot;background_background&quot;:&quot;classic&quot;}\" href=\"https:\/\/sensolyke.pl\">\n\t\t\t\t<div class=\"elementor-element elementor-element-025b10d elementor-widget elementor-widget-image\" data-id=\"025b10d\" data-element_type=\"widget\" data-e-type=\"widget\" data-widget_type=\"image.default\">\n\t\t\t\t\t\t\t\t\t\t\t\t\t\t\t<img fetchpriority=\"high\" decoding=\"async\" width=\"278\" height=\"190\" src=\"https:\/\/michal.codigmatic.tech\/wp-content\/uploads\/2026\/04\/Zrzut-ekranu-2026-04-16-o-11.22.45.png\" class=\"attachment-large size-large wp-image-343\" alt=\"\" srcset=\"https:\/\/michal.codigmatic.tech\/wp-content\/uploads\/2026\/04\/Zrzut-ekranu-2026-04-16-o-11.22.45.png 278w, https:\/\/michal.codigmatic.tech\/wp-content\/uploads\/2026\/04\/Zrzut-ekranu-2026-04-16-o-11.22.45-18x12.png 18w\" sizes=\"(max-width: 278px) 100vw, 278px\" \/>\t\t\t\t\t\t\t\t\t\t\t\t\t\t\t<\/div>\n\t\t\t\t<\/a>\n\t\t\t\t<div class=\"elementor-element elementor-element-41eea5f offer-card-title elementor-widget elementor-widget-heading\" data-id=\"41eea5f\" data-element_type=\"widget\" data-e-type=\"widget\" data-widget_type=\"heading.default\">\n\t\t\t\t\t<h2 class=\"elementor-heading-title elementor-size-default\">SensoLyke - metoda wspieraj\u0105ca dzieci<\/h2>\t\t\t\t<\/div>\n\t\t\t\t<div class=\"elementor-element elementor-element-8a1e60f offer-card-text elementor-widget elementor-widget-text-editor\" data-id=\"8a1e60f\" data-element_type=\"widget\" data-e-type=\"widget\" data-widget_type=\"text-editor.default\">\n\t\t\t\t\t\t\t\t\t<p>SensoLyke to kompleksowy <b>produkt medyczny klasy I<\/b>, zaprojektowany z my\u015bl\u0105 o wspieraniu rozwoju dzieci w wieku przedszkolnym i wczesnoszkolnym oraz codziennej pracy w plac\u00f3wkach edukacyjnych. \u0141\u0105czy nowoczesn\u0105 platform\u0119 cyfrow\u0105 z fizycznymi pomocami sensorycznymi, tworz\u0105c sp\u00f3jne i praktyczne narz\u0119dzie dla nauczycieli i specjalist\u00f3w.<\/p><p>Platforma dost\u0119pna 24\/7 oferuje gotowe scenariusze zaj\u0119\u0107, opisy \u0107wicze\u0144 oraz plany rozwojowe, wspieraj\u0105c bezpieczne i \u015bwiadome prowadzenie pracy z dzie\u0107mi. Jej uzupe\u0142nieniem s\u0105 autorskie pomoce sensoryczne Bukiny, kt\u00f3re wspieraj\u0105 regulacj\u0119 emocjonaln\u0105, koordynacj\u0119 ruchow\u0105 oraz \u015bwiadomo\u015b\u0107 cia\u0142a.<\/p><p>Ca\u0142o\u015b\u0107 wzmacnia wsparcie wdro\u017ceniowe, pomagaj\u0105ce skutecznie wykorzysta\u0107 system w codziennej praktyce.<\/p><p><b>SensoLyke to medyczne rozwi\u0105zanie, kt\u00f3re realnie wspiera rozw\u00f3j, r\u00f3wnowag\u0119 i dobrostan dziecka.<\/b><\/p>\t\t\t\t\t\t\t\t<\/div>\n\t\t\t\t<div class=\"elementor-element elementor-element-0933de8 elementor-widget elementor-widget-button\" data-id=\"0933de8\" data-element_type=\"widget\" data-e-type=\"widget\" data-widget_type=\"button.default\">\n\t\t\t\t\t\t\t\t\t\t<a class=\"elementor-button elementor-button-link elementor-size-sm\" href=\"https:\/\/sensolyke.pl\" target=\"_blank\">\n\t\t\t\t\t\t<span class=\"elementor-button-content-wrapper\">\n\t\t\t\t\t\t\t\t\t<span class=\"elementor-button-text\">Zobacz metod\u0119 SensoLyke<\/span>\n\t\t\t\t\t<\/span>\n\t\t\t\t\t<\/a>\n\t\t\t\t\t\t\t\t<\/div>\n\t\t\t\t<\/div>\n\t\t\t\t\t<\/div>\n\t\t\t\t<\/div>\n\t\t\t\t<\/div>","protected":false},"excerpt":{"rendered":"<p>EduLyke &#8211; rozw\u00f3j kt\u00f3ry ma znaczenie EduLyke to autorskie warsztaty wspieraj\u0105ce rozw\u00f3j kompetencji mi\u0119kkich, zdrowia psychicznego oraz profilaktyk\u0119 uzale\u017cnie\u0144. Pracujemy z uczniami, nauczycielami i rodzicami, odpowiadaj\u0105c na realne wyzwania wsp\u00f3\u0142czesnego \u015bwiata. Tworzymy programy dotycz\u0105ce m.in. hejtu i bullingu oraz oferujemy aplikacj\u0119 dla m\u0142odzie\u017cy, kt\u00f3ra wspiera ich codzienne funkcjonowanie i dobrostan. Prowadzimy r\u00f3wnie\u017c diagnozy, kt\u00f3re pomagaj\u0105 [&hellip;]<\/p>\n","protected":false},"author":1,"featured_media":0,"parent":0,"menu_order":0,"comment_status":"closed","ping_status":"closed","template":"","meta":{"footnotes":""},"class_list":["post-201","page","type-page","status-publish","hentry"],"_links":{"self":[{"href":"https:\/\/michal.codigmatic.tech\/en\/wp-json\/wp\/v2\/pages\/201","targetHints":{"allow":["GET"]}}],"collection":[{"href":"https:\/\/michal.codigmatic.tech\/en\/wp-json\/wp\/v2\/pages"}],"about":[{"href":"https:\/\/michal.codigmatic.tech\/en\/wp-json\/wp\/v2\/types\/page"}],"author":[{"embeddable":true,"href":"https:\/\/michal.codigmatic.tech\/en\/wp-json\/wp\/v2\/users\/1"}],"replies":[{"embeddable":true,"href":"https:\/\/michal.codigmatic.tech\/en\/wp-json\/wp\/v2\/comments?post=201"}],"version-history":[{"count":59,"href":"https:\/\/michal.codigmatic.tech\/en\/wp-json\/wp\/v2\/pages\/201\/revisions"}],"predecessor-version":[{"id":660,"href":"https:\/\/michal.codigmatic.tech\/en\/wp-json\/wp\/v2\/pages\/201\/revisions\/660"}],"wp:attachment":[{"href":"https:\/\/michal.codigmatic.tech\/en\/wp-json\/wp\/v2\/media?parent=201"}],"curies":[{"name":"wp","href":"https:\/\/api.w.org\/{rel}","templated":true}]}}